{"id":574,"date":"2017-10-01T19:31:01","date_gmt":"2017-10-01T19:31:01","guid":{"rendered":"http:\/\/www.marcelogreco.com?page_id=574"},"modified":"2020-06-17T23:52:39","modified_gmt":"2020-06-17T23:52:39","slug":"sobre","status":"publish","type":"page","link":"https:\/\/marcelo.riosgreco.com\/?page_id=574&lang=pt-br","title":{"rendered":"Sobre"},"content":{"rendered":"<p><a href=\"https:\/\/marcelo.riosgreco.com\/wp-content\/uploads\/2014\/06\/MiniCV01.jpg\"><img loading=\"lazy\" decoding=\"async\" class=\"wp-image-233 size-medium alignnone\" src=\"https:\/\/marcelo.riosgreco.com\/wp-content\/uploads\/2014\/06\/MiniCV01-300x198.jpg\" alt=\"MiniCV01\" width=\"300\" height=\"198\" srcset=\"https:\/\/marcelo.riosgreco.com\/wp-content\/uploads\/2014\/06\/MiniCV01-300x198.jpg 300w, https:\/\/marcelo.riosgreco.com\/wp-content\/uploads\/2014\/06\/MiniCV01-338x223.jpg 338w, https:\/\/marcelo.riosgreco.com\/wp-content\/uploads\/2014\/06\/MiniCV01-450x297.jpg 450w, https:\/\/marcelo.riosgreco.com\/wp-content\/uploads\/2014\/06\/MiniCV01-257x170.jpg 257w, https:\/\/marcelo.riosgreco.com\/wp-content\/uploads\/2014\/06\/MiniCV01.jpg 595w\" sizes=\"auto, (max-width: 300px) 100vw, 300px\" \/><\/a><\/p>\n<p class=\"p1\"><span class=\"s1\">Marcelo Greco, fot\u00f3grafo e professor\/orientador, mora e trabalha em S\u00e3o Paulo.<\/span><\/p>\n<p class=\"p1\"><span class=\"s1\">Em seu trabalho art\u00edstico utiliza a fotografia como ferramenta de express\u00e3o pessoal. Seu universo \u00edntimo, seu cotidiano e sua cidade s\u00e3o mat\u00e9rias-primas recorrentes de seus trabalhos. Interessa-se tamb\u00e9m pela investiga\u00e7\u00e3o de outros territ\u00f3rios em seu fazer art\u00edstico: realizou trabalhos em Portugal (2003), Fran\u00e7a (2016 a 2018) e It\u00e1lia (2020). Publicou recentemente o livro <i>Abrigo<\/i> (Editora Origem, 2020), terceiro trabalho de uma trilogia pessoal. <i>Internal Affair <\/i>(Schoeler Editions, 2013) e <i>Sombras Secas<\/i> (Schoeler Editions, 2015), os dois primeiros livros desta trilogia, fazem parte do acervo da Library of Congress &#8211; USA. Publicou tamb\u00e9m os livros <i>Bras\u00edlia<\/i> &#8211; Cole\u00e7\u00e3o Passaporte (Schoeler Editions, 2011),\u00a0<i>Tempos Misturados<\/i> (Schoeler Editions, 2010),\u00a0<i>A Sombra da D\u00favida<\/i> (Sensible \u00e9dition, 2017) e <i>L\u00e1grimas Perdidas<\/i> (2017).<\/span><\/p>\n<p class=\"p1\"><span class=\"s1\">Greco realizou exposi\u00e7\u00f5es nacionais em institui\u00e7\u00f5es como Pinacoteca do Estado &#8211; SP, Museu da Imagem e do Som &#8211; SP, Centro Cultural S\u00e3o Paulo Caixa Cultural &#8211; SP, Museu da Imagem do Som &#8211; Santos. Realizou exposi\u00e7\u00f5es internacionais nas institui\u00e7\u00f5es Tropenmuseum (Holanda), Leica Gallery Solms (Alemanha), Leica Gallery Frankfurt (Alemanha). <\/span><\/p>\n<p class=\"p1\"><span class=\"s1\">Em seu trabalho como professor\/orientador desenvolve cursos e oficinas de fotografia autoral no Museu de Arte Moderna de S\u00e3o Paulo (MAM), orienta fot\u00f3grafos no desenvolvimento de projetos pessoais, coordena e edita trabalhos para exposi\u00e7\u00f5es em eventos nacionais e internacionais. Foi curador geral do Festival de Fotografia\u00a0Paraty em Foco\u00a02008. <\/span><\/p>\n<p class=\"p1\"><span class=\"s1\">Desde 2012 desenvolve projetos de interc\u00e2mbio cultural e resid\u00eancias art\u00edsticas em pa\u00edses como Holanda e Fran\u00e7a. Tem como parceiros nestes projetos os holandeses Leo Divendal e Machiel Botman, al\u00e9m do diretor art\u00edstico franc\u00eas Pierre Devin. Greco \u00e9 um dos membros do projeto Territoire Sensible, uma plataforma franco-brasileira, idealizada por Pierre Devin e Fabiana Figueiredo, que se articula em torno das artes visuais e busca refletir sobre um mundo em plena muta\u00e7\u00e3o.<\/span><\/p>\n<p>Greco \u00e9 representado pela Bianca Boeckel Galeria, em S\u00e3o Paulo.<\/p>\n<p style=\"text-align: left;\"><a href=\"https:\/\/marcelo.riosgreco.com\/wp-content\/uploads\/2014\/06\/Minicv02.jpg\"><img loading=\"lazy\" decoding=\"async\" class=\"wp-image-236 size-medium alignnone\" src=\"https:\/\/marcelo.riosgreco.com\/wp-content\/uploads\/2014\/06\/Minicv02-300x198.jpg\" alt=\"Minicv02\" width=\"300\" height=\"198\" srcset=\"https:\/\/marcelo.riosgreco.com\/wp-content\/uploads\/2014\/06\/Minicv02-300x198.jpg 300w, https:\/\/marcelo.riosgreco.com\/wp-content\/uploads\/2014\/06\/Minicv02-338x223.jpg 338w, https:\/\/marcelo.riosgreco.com\/wp-content\/uploads\/2014\/06\/Minicv02-257x169.jpg 257w, https:\/\/marcelo.riosgreco.com\/wp-content\/uploads\/2014\/06\/Minicv02.jpg 357w\" sizes=\"auto, (max-width: 300px) 100vw, 300px\" \/><\/a><\/p>\n<p class=\"p1\" style=\"text-align: left;\"><strong>Cole\u00e7\u00f5es Fotogr\u00e1ficas:<\/strong><\/p>\n<p class=\"p1\" style=\"text-align: left;\">Library of Congress (USA) -livros Internal Affair e Sombras Secas em sua vers\u00e3o edi\u00e7\u00e3o limitada<\/p>\n<p class=\"p1\" style=\"text-align: left;\">Cole\u00e7\u00e3o Joaquim Paiva<\/p>\n<p class=\"p1\" style=\"text-align: left;\">Funda\u00e7\u00e3o Cultural de Curitiba<\/p>\n<p class=\"p1\" style=\"text-align: left;\">Pinacoteca do Estado de S\u00e3o Paulo<\/p>\n<p class=\"p1\" style=\"text-align: left;\">Museu de Arte Moderna de S\u00e3o Paulo<\/p>\n<p class=\"p1\" style=\"text-align: left;\">Museu de Imagem e Som &#8211; S\u00e3o Paulo<\/p>\n<p class=\"p1\" style=\"text-align: left;\"><strong>Bolsas e Pr\u00eamios:<\/strong><\/p>\n<p class=\"p1\" style=\"text-align: left;\">2003 &#8211; Apoio ao Projeto Mulheres \u2013 Substantivo Pr\u00f3prio, Centro Portugu\u00eas de Fotografia (CPF).<\/p>\n<p class=\"p1\" style=\"text-align: left;\">2015 &#8211; Pr\u00eamio Gloc Cultural com o projeto Sombras Secas.<\/p>\n<p style=\"text-align: left;\"><strong>\u00a0<a href=\"https:\/\/marcelo.riosgreco.com\/wp-content\/uploads\/2014\/06\/Minicv03.jpg\"><img loading=\"lazy\" decoding=\"async\" class=\"size-medium wp-image-238 alignnone\" src=\"https:\/\/marcelo.riosgreco.com\/wp-content\/uploads\/2014\/06\/Minicv03-300x199.jpg\" alt=\"Minicv03\" width=\"300\" height=\"199\" srcset=\"https:\/\/marcelo.riosgreco.com\/wp-content\/uploads\/2014\/06\/Minicv03-300x199.jpg 300w, https:\/\/marcelo.riosgreco.com\/wp-content\/uploads\/2014\/06\/Minicv03-338x224.jpg 338w, https:\/\/marcelo.riosgreco.com\/wp-content\/uploads\/2014\/06\/Minicv03-257x170.jpg 257w, https:\/\/marcelo.riosgreco.com\/wp-content\/uploads\/2014\/06\/Minicv03.jpg 355w\" sizes=\"auto, (max-width: 300px) 100vw, 300px\" \/><\/a><\/strong><\/p>\n<p style=\"text-align: left;\"><strong>Exposi\u00e7\u00f5es INDIVIDUAIS:<\/strong><\/p>\n<p class=\"p1\"><span class=\"s1\">2020 <\/span><span class=\"s1\">&#8211; Latitude 44\u00baN (exposi\u00e7\u00e3o virtual), Bianca Boeckel Galeria, S\u00e3o Paulo<\/span><\/p>\n<p class=\"p1\"><span class=\"s1\">2019 <\/span><span class=\"s1\">&#8211; Helena, Galeria Im\u00e1gicas, S\u00e3o Paulo<\/span><\/p>\n<p class=\"p1\" style=\"text-align: left;\">2015\u00a0<span class=\"s1\">&#8211; <\/span>Sombras Secas, Museu Imagem e Som, S\u00e3o Paulo<\/p>\n<p class=\"p1\" style=\"text-align: left;\">2013 &#8211; Paisagens Urbanas, SESC Santana, S\u00e3o Paulo; Internal Affairs, Espa\u00e7o Ophicina, S\u00e3o Paulo.<\/p>\n<p class=\"p1\" style=\"text-align: left;\">2010 &#8211; Tempos Misturados, Espa\u00e7o Contraponto, S\u00e3o Paulo; Tempos Misturados, Ateli\u00ea da Imagem, Rio de Janeiro.<\/p>\n<p class=\"p1\" style=\"text-align: left;\">2005 &#8211; \u00cdntima, Luz \u00cdntima, &#8211; Portugal, M\u00eas Internacional da Fotografia &#8211; Caixa Econ\u00f4mica Federal, S\u00e3o Paulo; Instituto Cam\u00f5es , FotoArte Bras\u00edlia, DF.<\/p>\n<p class=\"p1\" style=\"text-align: left;\">2004 &#8211; \u00cdnfima Luz, Faculdade de Fotografia SENAC, S\u00e3o Paulo.<\/p>\n<p class=\"p1\" style=\"text-align: left;\">2003 &#8211; \u00cdntima, Luz \u00cdntima, Exposi\u00e7\u00e3o Itinerante SESI, Aproximadamente 12 cidades, 35 empresas.<\/p>\n<p class=\"p1\" style=\"text-align: left;\">2002 &#8211; Mulheres \u2013 Substantivo Pr\u00f3prio, Exposi\u00e7\u00e3o Itinerante SESI, Aproximadamente 12 cidades, 35 empresas; \u00cdntima Luz, \u00cdntima, Pinacoteca do Estado, S\u00e3o Paulo.<\/p>\n<p class=\"p1\" style=\"text-align: left;\">2001 &#8211; Mulheres \u2013 Substantivo Pr\u00f3prio, Espa\u00e7o Ophicina, S\u00e3o Paulo; M\u00eas Internacional da Fotografia &#8211; Casa das Fotos, Santos; Faces da Anima, 3<span class=\"s1\">o <\/span>Programa Anual de Fotografia &#8211; Centro Cultural S\u00e3o Paulo, S\u00e3o Paulo.<\/p>\n<p class=\"p1\" style=\"text-align: left;\">2000 &#8211; Crian\u00e7as do Brasil, FNAC, S\u00e3o Paulo.<\/p>\n<p class=\"p1\" style=\"text-align: left;\">1997 &#8211; Mulheres Brasileiras em Cena, SESC Consola\u00e7\u00e3o; ABRA &#8211; Academia Brasileira de Arte, S\u00e3o Paulo; MISS &#8211; Museu Imagem e do Som, Santos.<\/p>\n<p class=\"p1\" style=\"text-align: left;\"><strong>Exposi\u00e7\u00f5es INTERNACIONAIS:<\/strong><\/p>\n<p class=\"p1\" style=\"text-align: left;\">2007 &#8211; \u00daltimas Est\u00f3rias, Tropenmuseum, Amsterdam, Holanda.<\/p>\n<p class=\"p1\" style=\"text-align: left;\">2006 &#8211; Sil\u00eancio Selvagem, Galeria Leica, Frankfurt; Sil\u00eancio Selvagem, Galeria Leica, Solms.<\/p>\n<p class=\"p1\" style=\"text-align: left;\">2004 &#8211; Acesso a Terra no Brasil, Harvard University, Estados Unidos; \u00cdntima, Luz, \u00cdntima, Festival de Cultura Brasileira, Frascati, It\u00e1lia.<\/p>\n<p class=\"p1\" style=\"text-align: left;\">2001 &#8211; Mulheres Brasileiras em Cena, Teatro do Campo Alegre, Porto, Portugal.<\/p>\n<p class=\"p1\" style=\"text-align: left;\"><strong>Exposi\u00e7\u00f5es COLETIVAS:<\/strong><\/p>\n<p class=\"p1\"><span class=\"s1\">2019 <\/span><span class=\"s1\">&#8211; Un\u2019altra Storia, Bianca Boeckel Galeria, S\u00e3o Paulo; <\/span><span class=\"s1\">Inverno na Provence, Museu de Arte de Santa Catarina, Florian\u00f3polis (SC).<\/span><\/p>\n<p class=\"p1\"><span class=\"s1\">2018 <\/span><span class=\"s1\">&#8211; Inverno na Provence, Lombardi Galeria, S\u00e3o Paulo; <\/span><span class=\"s1\">Miss\u00e3o Lance Ventoux, Th\u00e9\u00e2tre de la Nacelle, Aubergenville, Fran\u00e7a<\/span><\/p>\n<p class=\"p1\"><span class=\"s1\">2017 <\/span><span class=\"s1\">&#8211; Miss\u00e3o Lance Ventoux, Agence Tarriotte, Grignan, Fran\u00e7a; <\/span><span class=\"s1\">Miss\u00e3o Lance Ventoux, Festival do Sert\u00e3o, Feira de Santana (BA)<\/span><\/p>\n<p class=\"p1\"><span class=\"s1\">2016 <\/span><span class=\"s1\">&#8211; Miss\u00e3o Lance Ventoux, Armaz\u00e9m Cultural 11, Santos (SP); <\/span><span class=\"s1\">Miss\u00e3o Lance Ventoux, Espa\u00e7o 321 Jacarand\u00e1, S\u00e3o Paulo<\/span><\/p>\n<p class=\"p1\" style=\"text-align: left;\">2015 &#8211; Dist\u00e2ncias Sutis, Casa das Rosas, S\u00e3o Paulo; A arte da lembran\u00e7a, Ita\u00fa Cultural, S\u00e3o Paulo.<\/p>\n<p class=\"p1\" style=\"text-align: left;\">2011 &#8211; Coletiva do acervo de Leo Divendal, Amsterdam, Holanda.<\/p>\n<p class=\"p1\" style=\"text-align: left;\">2009 &#8211; Cantos, no Espa\u00e7o Ophicina, S\u00e3o Paulo.<\/p>\n<p class=\"p1\" style=\"text-align: left;\">2006 &#8211; O Universo de Guimar\u00e3es Rosa, SESC Pomp\u00e9ia, S\u00e3o Paulo; S\u00e3o Paulo 450 anos, Caixa Econ\u00f4mica Federal, S\u00e3o Paulo.<\/p>\n<p class=\"p1\" style=\"text-align: left;\">2003 &#8211; Retrospectiva de tr\u00eas anos Pinacoteca do Estado, VI M\u00eas Internacional da Fotografia de S\u00e3o Paulo, S\u00e3o Paulo.<\/p>\n<p class=\"p1\" style=\"text-align: left;\">2000 &#8211; III Bienal Internacional de Fotografia, Curitiba.<\/p>\n<p class=\"p1\" style=\"text-align: left;\">1996 &#8211; Festival de fotografia ABRA, ABRA \u2013 Academia Brasileira de Artes, S\u00e3o Paulo.<\/p>\n<p style=\"text-align: left;\"><strong>\u00a0<a href=\"https:\/\/marcelo.riosgreco.com\/wp-content\/uploads\/2014\/06\/MiniCv04.jpg\"><img loading=\"lazy\" decoding=\"async\" class=\"alignnone size-medium wp-image-240\" src=\"https:\/\/marcelo.riosgreco.com\/wp-content\/uploads\/2014\/06\/MiniCv04-300x200.jpg\" alt=\"MiniCv04\" width=\"300\" height=\"200\" srcset=\"https:\/\/marcelo.riosgreco.com\/wp-content\/uploads\/2014\/06\/MiniCv04-300x200.jpg 300w, https:\/\/marcelo.riosgreco.com\/wp-content\/uploads\/2014\/06\/MiniCv04-338x225.jpg 338w, https:\/\/marcelo.riosgreco.com\/wp-content\/uploads\/2014\/06\/MiniCv04-257x171.jpg 257w, https:\/\/marcelo.riosgreco.com\/wp-content\/uploads\/2014\/06\/MiniCv04.jpg 354w\" sizes=\"auto, (max-width: 300px) 100vw, 300px\" \/><\/a><\/strong><\/p>\n<p class=\"p1\" style=\"text-align: left;\"><strong>Livros COLETIVOS:<\/strong><\/p>\n<p class=\"p1\" style=\"text-align: left;\">Bras\u00edlia &#8211; 45 Anos<\/p>\n<p class=\"p1\" style=\"text-align: left;\">Comunicar para n\u00e3o esquecer<\/p>\n<p class=\"p1\" style=\"text-align: left;\"><strong>Livros INDIVIDUAIS:<\/strong><\/p>\n<p class=\"p1\"><span class=\"s1\">Abrigo &#8211; 2020<\/span><\/p>\n<p class=\"p1\"><span class=\"s1\">A sombra da d\u00favida &#8211; 2017<\/span><\/p>\n<p class=\"p1\"><span class=\"s1\">L\u00e1grimas Perdidas &#8211; 2017<\/span><\/p>\n<p class=\"p1\" style=\"text-align: left;\">Sombras Secas &#8211; 2015<\/p>\n<p class=\"p1\" style=\"text-align: left;\">Internal Affair &#8211; 2013<\/p>\n<p class=\"p1\" style=\"text-align: left;\">Bras\u00edlia- Cole\u00e7\u00e3o Passaporte &#8211; 2009<\/p>\n<p class=\"p1\" style=\"text-align: left;\">Tempos Misturados &#8211; Livro\/portf\u00f3lio &#8211; 2010<\/p>\n<p class=\"p1\" style=\"text-align: left;\">\u00cdntima Luz, livro artesanal de tiragem limitada a 60 exemplares &#8211; 2011<\/p>\n<!-- AddThis Advanced Settings generic via filter on the_content --><!-- AddThis Share Buttons generic via filter on the_content -->","protected":false},"excerpt":{"rendered":"<p>Marcelo Greco, fot\u00f3grafo e professor\/orientador, mora e trabalha em S\u00e3o Paulo. Em seu trabalho art\u00edstico utiliza a fotografia como ferramenta de express\u00e3o pessoal. Seu universo \u00edntimo, seu cotidiano e sua cidade s\u00e3o mat\u00e9rias-primas recorrentes de seus trabalhos. Interessa-se tamb\u00e9m pela investiga\u00e7\u00e3o de outros territ\u00f3rios em seu fazer art\u00edstico: realizou trabalhos em Portugal (2003), Fran\u00e7a (2016 [&hellip;]<!-- AddThis Advanced Settings generic via filter on get_the_excerpt --><!-- AddThis Share Buttons generic via filter on get_the_excerpt --><\/p>\n","protected":false},"author":1,"featured_media":0,"parent":0,"menu_order":0,"comment_status":"open","ping_status":"closed","template":"","meta":{"footnotes":""},"class_list":["post-574","page","type-page","status-publish","hentry"],"_links":{"self":[{"href":"https:\/\/marcelo.riosgreco.com\/index.php?rest_route=\/wp\/v2\/pages\/574","targetHints":{"allow":["GET"]}}],"collection":[{"href":"https:\/\/marcelo.riosgreco.com\/index.php?rest_route=\/wp\/v2\/pages"}],"about":[{"href":"https:\/\/marcelo.riosgreco.com\/index.php?rest_route=\/wp\/v2\/types\/page"}],"author":[{"embeddable":true,"href":"https:\/\/marcelo.riosgreco.com\/index.php?rest_route=\/wp\/v2\/users\/1"}],"replies":[{"embeddable":true,"href":"https:\/\/marcelo.riosgreco.com\/index.php?rest_route=%2Fwp%2Fv2%2Fcomments&post=574"}],"version-history":[{"count":7,"href":"https:\/\/marcelo.riosgreco.com\/index.php?rest_route=\/wp\/v2\/pages\/574\/revisions"}],"predecessor-version":[{"id":1000,"href":"https:\/\/marcelo.riosgreco.com\/index.php?rest_route=\/wp\/v2\/pages\/574\/revisions\/1000"}],"wp:attachment":[{"href":"https:\/\/marcelo.riosgreco.com\/index.php?rest_route=%2Fwp%2Fv2%2Fmedia&parent=574"}],"curies":[{"name":"wp","href":"https:\/\/api.w.org\/{rel}","templated":true}]}}