{"id":175,"date":"2014-06-20T20:41:49","date_gmt":"2014-06-20T20:41:49","guid":{"rendered":"http:\/\/www.marcelogreco.com\/?page_id=175"},"modified":"2020-06-17T23:47:08","modified_gmt":"2020-06-17T23:47:08","slug":"about","status":"publish","type":"page","link":"https:\/\/marcelo.riosgreco.com\/?page_id=175","title":{"rendered":"About"},"content":{"rendered":"<p style=\"text-align: left;\"><a href=\"https:\/\/marcelo.riosgreco.com\/wp-content\/uploads\/2014\/06\/MiniCV01.jpg\"><img loading=\"lazy\" decoding=\"async\" class=\"wp-image-233 size-medium alignnone\" src=\"https:\/\/marcelo.riosgreco.com\/wp-content\/uploads\/2014\/06\/MiniCV01-300x198.jpg\" alt=\"MiniCV01\" width=\"300\" height=\"198\" srcset=\"https:\/\/marcelo.riosgreco.com\/wp-content\/uploads\/2014\/06\/MiniCV01-300x198.jpg 300w, https:\/\/marcelo.riosgreco.com\/wp-content\/uploads\/2014\/06\/MiniCV01-338x223.jpg 338w, https:\/\/marcelo.riosgreco.com\/wp-content\/uploads\/2014\/06\/MiniCV01-450x297.jpg 450w, https:\/\/marcelo.riosgreco.com\/wp-content\/uploads\/2014\/06\/MiniCV01-257x170.jpg 257w, https:\/\/marcelo.riosgreco.com\/wp-content\/uploads\/2014\/06\/MiniCV01.jpg 595w\" sizes=\"auto, (max-width: 300px) 100vw, 300px\" \/><\/a><\/p>\n<p style=\"text-align: left;\">Born in 1966, Marcelo started to work with photography as a freelancer for Brazilian and international press agencies through the French agency SIPA Press in 1996.<\/p>\n<p style=\"text-align: left;\">His work has been focused mainly in the cultural field. He develops signature photography courses and workshops for the S\u00e3o Paulo Museum of Modern Art and supervises photographers in study groups to develop personal projects. He also coordinates and edits the work of many photographers for exhibitions in local and international events.<\/p>\n<p style=\"text-align: left;\">In his signature work, the universe of women was his initial focus. For years, he took a series of photographs of Brazilian stage actresses and exhibited them in S\u00e3o Paulo and Santos, in Brazil, and, at the end of 2001, in Portugal.<\/p>\n<p><span id=\"result_box\" class=\"\" lang=\"en\"><span title=\"O projeto \u00cdntima, Luz \u00cdntima, tratou de uma met\u00e1fora sobre o universo feminino, foi exposto na Pinacoteca do Estado em 2002 e em consequ\u00eancia deste trabalho, recebeu uma bolsa do Centro Portugu\u00eas de Fotografia para realizar um paralelo. \">The Intimate project, Intimate Light, dealt with a metaphor about the female universe, was exhibited at the Pinacoteca do Estado in 2002 and as a result of this work, received a scholarship from the Portuguese Center of Photography to carry out a parallel.<\/span><\/span><\/p>\n<p><span title=\"Este material foi exposto em 2005 em S\u00e3o Paulo.\">This material was exposed in 2005 in S\u00e3o Paulo. <\/span><span title=\"A partir de 2005 o artista volta seu olhar para a vida urbana contempor\u00e2nea.\">From 2005 the artist returns his look to contemporary urban life. <\/span><span title=\"O primeiro resultado desta nova pesquisa foi exposto na Alemanha em 2006 sob o t\u00edtulo Sil\u00eancio Selvagem.\">The first result of this new research was exposed in Germany in 2006 under the title Wild Silence. <\/span><span title=\"Em 2010 publicou o livro\/portf\u00f3lio Tempos Misturados com textos do artista Sergio Fingermann.\">In 2010 he published the book \/ portfolio Mixed Times with texts by the artist Sergio Fingermann. <\/span><span title=\"Este trabalho foi exposto em S\u00e3o Paulo e Rio de Janeiro. \">This work was exposed in S\u00e3o Paulo and Rio de Janeiro.<\/span><\/p>\n<p><span title=\"Desde ent\u00e3o trabalha em uma s\u00e9rie de narrativas visuais que aproximam a experi\u00eancia vivida em biografias ilus\u00f3rias, construindo assim ao longo da hist\u00f3ria uma rela\u00e7\u00e3o entre fic\u00e7\u00e3o e realidade.\">Since then he has worked on a series of visual narratives that bring the lived experience into illusory biographies, thus building a relationship between fiction and reality throughout history. <\/span><span title=\"Dentro destes projetos Internal Affair \u2013 2013, Sombras Secas \u2013 2015 e agora a etapa Abrigo no Luto em processo.\">Within these projects Internal Affair &#8211; 2013, Shadows Dry &#8211; 2015 and now the stage Shelter in the mourning process. <\/span><span title=\"Os livros j\u00e1 publicados desta serie foram selecionados para fazer parte da Library of Congress \u2013 USA. \">The books already published in this series have been selected to be part of the Library of Congress &#8211; USA.<\/span><\/p>\n<p><span title=\"Foi curador geral do Festival de Fotografia \u2018Paraty em Foco\u2019 2008. \">He was general curator of the Photography Festival &#8216;Paraty em Foco&#8217; 2008.<\/span><\/p>\n<p><span title=\"Em 2009 criou a Schoeler Editions, casa editorial voltada para o mercado Fine Art. \">In 2009 he created Schoeler Editions, an editorial house focused on the Fine Art market.<\/span><\/p>\n<p><span title=\"Cria livros e portfolios de tiragem limitada e assinados pelo artista. \">Creates limited edition books and portfolios signed by the artist.<\/span><\/p>\n<p><span title=\"Desde 2012 desenvolve um projeto de interc\u00e2mbios culturais e resid\u00eancias art\u00edsticas.\">Since 2012 develops a project of cultural exchanges and artistic residences. <\/span><span title=\"Realizou com a Rietveld Academy of Art, Amsterdam onde junto a Leo Divendal, ministrou um curso para 30 alunos sendo 15 brasileiros e 15 europeus e asi\u00e1ticos.\">He held with the Rietveld Academy of Art, Amsterdam where, along with Leo Divendal, he taught a course for 30 students, including 15 Brazilians and 15 Europeans and Asians. <\/span><span title=\"Em 2014 promoveu duas resid\u00eancias art\u00edsticas para um grupo de alunos com Leo Divendal e com Machiel Botman, em Amsterdam e Harlem. \">In 2014 he promoted two artistic residencies for a group of students with Leo Divendal and with Machiel Botman in Amsterdam and Harlem.<\/span><\/p>\n<p><span title=\"Atualmente participa do projeto Miss\u00e3o Lance Ventoux, que tem por objetivo desenvolver um interc\u00e2mbio cultural e art\u00edstico entre Brasil e Fran\u00e7a na regi\u00e3o da Provence.\">Currently participating in the project Lance Ventoux Mission, which aims to develop a cultural and artistic exchange between Brazil and France in the Provence region.<\/span><\/p>\n<p style=\"text-align: left;\"><a href=\"https:\/\/marcelo.riosgreco.com\/wp-content\/uploads\/2014\/06\/Minicv02.jpg\"><img loading=\"lazy\" decoding=\"async\" class=\"alignnone size-medium wp-image-236\" src=\"https:\/\/marcelo.riosgreco.com\/wp-content\/uploads\/2014\/06\/Minicv02-300x198.jpg\" alt=\"Minicv02\" width=\"300\" height=\"198\" srcset=\"https:\/\/marcelo.riosgreco.com\/wp-content\/uploads\/2014\/06\/Minicv02-300x198.jpg 300w, https:\/\/marcelo.riosgreco.com\/wp-content\/uploads\/2014\/06\/Minicv02-338x223.jpg 338w, https:\/\/marcelo.riosgreco.com\/wp-content\/uploads\/2014\/06\/Minicv02-257x169.jpg 257w, https:\/\/marcelo.riosgreco.com\/wp-content\/uploads\/2014\/06\/Minicv02.jpg 357w\" sizes=\"auto, (max-width: 300px) 100vw, 300px\" \/><\/a><\/p>\n<p style=\"text-align: left;\"><strong>Photography Collections:<\/strong><\/p>\n<p style=\"text-align: left;\">Library of Congress (USA) &#8211; Internal Affair book and Sombras Secas version limited Edition book<\/p>\n<p style=\"text-align: left;\">Cole\u00e7\u00e3o Joaquim Paiva<\/p>\n<p style=\"text-align: left;\">Funda\u00e7\u00e3o Cultural de Curitiba (Curitiba Cultural Foundation)<\/p>\n<p style=\"text-align: left;\">ABRA \u2013 Academia Brasileira de Artes (Brazilian Academy of Arts)<\/p>\n<p style=\"text-align: left;\">Pinacoteca do Estado de S\u00e3o Paulo (Art Gallery of the State of S\u00e3o Paulo)<\/p>\n<p style=\"text-align: left;\">S\u00e3o Paulo Museum of Modern Art (MAM)<\/p>\n<p style=\"text-align: left;\"><strong>Scholarships:<\/strong><\/p>\n<p style=\"text-align: left;\">Support for the \u00cdntima Luz \u00a0(Intimate Light), Portuguese Photography Center (CPF) &#8211; 2003.<\/p>\n<p>Grant Pr\u00eamio Gloc Cultural with the project Sombras Secas &#8211; 2015.<\/p>\n<p style=\"text-align: left;\"><strong>\u00a0<a href=\"https:\/\/marcelo.riosgreco.com\/wp-content\/uploads\/2014\/06\/Minicv03.jpg\"><img loading=\"lazy\" decoding=\"async\" class=\"alignnone size-medium wp-image-238\" src=\"https:\/\/marcelo.riosgreco.com\/wp-content\/uploads\/2014\/06\/Minicv03-300x199.jpg\" alt=\"Minicv03\" width=\"300\" height=\"199\" srcset=\"https:\/\/marcelo.riosgreco.com\/wp-content\/uploads\/2014\/06\/Minicv03-300x199.jpg 300w, https:\/\/marcelo.riosgreco.com\/wp-content\/uploads\/2014\/06\/Minicv03-338x224.jpg 338w, https:\/\/marcelo.riosgreco.com\/wp-content\/uploads\/2014\/06\/Minicv03-257x170.jpg 257w, https:\/\/marcelo.riosgreco.com\/wp-content\/uploads\/2014\/06\/Minicv03.jpg 355w\" sizes=\"auto, (max-width: 300px) 100vw, 300px\" \/><\/a><\/strong><\/p>\n<p style=\"text-align: left;\"><strong>Individual Exhibitions in Brazil:<\/strong><\/p>\n<p><strong>2020 &#8211;<\/strong> Latitude 44\u00baN (virtual exhibition) &#8211; Bianca Boeckel Gallery &#8211; S\u00e3o Paulo<\/p>\n<p><strong>2019<\/strong> &#8211; Helena &#8211; Im\u00e1gicas Gallery &#8211; S\u00e3o Paulo<\/p>\n<p style=\"text-align: left;\"><strong>2015 &#8211;\u00a0<\/strong>Sombras Secas \u2013 Museu Imagem e do Som &#8211; S\u00e3o Paulo (Image and Sound Museum).<\/p>\n<p class=\"p1\"><strong>2013<\/strong> \u2013 Urban Landscapes, SESC Santana, S\u00e3o Paulo; Internal Affairs, Espa\u00e7o Ophicina, S\u00e3o Paulo.<\/p>\n<p class=\"p1\"><strong>2010<\/strong> \u2013 Mixed Times, Espa\u00e7o Contraponto, S\u00e3o Paulo; Tempos Misturados, Ateli\u00ea da Imagem, Rio de Janeiro.<\/p>\n<p style=\"text-align: left;\"><strong>2005 &#8211;\u00a0<\/strong>\u00cdntima, Luz \u00cdntima \u2013 Portugal (Lowermost Light \u2013 Portugal), International Photography Month \u2013 Caixa Econ\u00f4mica Federal, S\u00e3o Paulo; Cam\u00f5es Institute; FotoArte Bras\u00edlia, Federal District.<\/p>\n<p style=\"text-align: left;\"><strong>2004 &#8211;\u00a0<\/strong>\u00cdnfima Luz (Lowermost Light), SENAC School of Photography, S\u00e3o Paulo.<\/p>\n<p style=\"text-align: left;\"><strong>2003 &#8211;\u00a0<\/strong>\u00cdntima, Luz \u00cdntima (Intimate, Intimate Light) project, an Itinerant SESI Exhibition, approximately 12 cities and 35 companies.<\/p>\n<p style=\"text-align: left;\"><strong>2002 &#8211;\u00a0<\/strong>Mulheres \u2013 Substantivo Pr\u00f3prio (Women \u2013 Proper Noun), an Itinerant SESI Exhibition, approximately 12 cities and 35 companies; \u00cdntima, Luz \u00cdntima (Intimate, Intimate Light), Pinacoteca do Estado de S\u00e3o Paulo (Art Gallery of the State of S\u00e3o Paulo).<\/p>\n<p style=\"text-align: left;\"><strong>2001 &#8211;\u00a0<\/strong>Mulheres \u2013 Substantivo Pr\u00f3prio (Women \u2013 Proper Noun), Espa\u00e7o Ophicina, S\u00e3o Paulo; International Photography Month \u2013 Casa das Fotos, Santos; Faces da Anima (Faces of the Anima), 3<sup>rd<\/sup> Annual Photography Program \u2013 Centro Cultural S\u00e3o Paulo, S\u00e3o Paulo.<\/p>\n<p style=\"text-align: left;\"><strong>2000 &#8211;\u00a0<\/strong>Crian\u00e7as do Brasil (Children of Brazil), FNAC, S\u00e3o Paulo.<\/p>\n<p style=\"text-align: left;\"><strong>1997 &#8211;\u00a0<\/strong>Mulheres Brasileiras em Cena (Brazilian Women on Stage), SESC Consola\u00e7\u00e3o; ABRA &#8211; Academia Brasileira de Arte (Brazilian Academy of Arts), S\u00e3o Paulo; MISS &#8211; Museu Imagem e do Som (Image and Sound Museum), Santos.<\/p>\n<p style=\"text-align: left;\"><strong>Collective Exhibitions:<\/strong><\/p>\n<p class=\"p1\"><strong><span class=\"s1\">2019 <\/span><\/strong><span class=\"s1\">&#8211; Un\u2019altra Storia, Bianca Boeckel Gallery, S\u00e3o Paulo; <\/span><span class=\"s1\">Inverno na Provence, Museu de Arte de Santa Catarina, Florian\u00f3polis (SC).<\/span><\/p>\n<p class=\"p1\"><strong><span class=\"s1\">2018 &#8211; <\/span><\/strong><span class=\"s1\">Inverno na Provence, Lombardi Gallery, S\u00e3o Paulo; <\/span><span class=\"s1\">Miss\u00e3o Lance Ventoux, Th\u00e9\u00e2tre de la Nacelle, Aubergenville, France.<\/span><\/p>\n<p class=\"p1\"><strong><span class=\"s1\">2017 <\/span><\/strong><span class=\"s1\">&#8211; Miss\u00e3o Lance Ventoux, Agence Tarriotte, Grignan, France; <\/span><span class=\"s1\">Miss\u00e3o Lance Ventoux, Festival do Sert\u00e3o, Feira de Santana (BA).<\/span><\/p>\n<p class=\"p1\"><strong><span class=\"s1\">2016 <\/span><\/strong><span class=\"s1\">&#8211; Miss\u00e3o Lance Ventoux, Armaz\u00e9m Cultural 11, Santos (SP); <\/span><span class=\"s1\">Miss\u00e3o Lance Ventoux, Espa\u00e7o 321 Jacarand\u00e1, S\u00e3o Paulo<\/span><\/p>\n<p style=\"text-align: left;\"><strong>2015 &#8211;\u00a0<\/strong>A arte da Lembran\u00e7a (The Remember) &#8211; Instituto Ita\u00fa Cultural, S\u00e3o Paulo; Dist\u00e2ncias Sutis, Casa das Rosas, S\u00e3o Paulo.<\/p>\n<p style=\"text-align: left;\"><strong>2009 &#8211;\u00a0<\/strong>Cantos (Corners), Espa\u00e7o Ophicina, S\u00e3o Paulo.<\/p>\n<p style=\"text-align: left;\"><strong>2006 &#8211;\u00a0<\/strong>O Universo de Guimar\u00e3es Rosa (The Universe of Guimar\u00e3es Rosa), SESC Pomp\u00e9ia, S\u00e3o Paulo.<\/p>\n<p style=\"text-align: left;\"><strong>2004 &#8211;\u00a0<\/strong>Acesso a Terra no Brasil (Access to Land in Brazil), Harvard University, United States; S\u00e3o Paulo 450 years, Caixa Econ\u00f4mica Federal, S\u00e3o Paulo.<\/p>\n<p style=\"text-align: left;\"><strong>2003 &#8211;\u00a0<\/strong>Pinacoteca do Estado (Art Gallery of the State of S\u00e3o Paulo) three-year retrospective, VI S\u00e3o Paulo International Month of Photography, S\u00e3o Paulo.<\/p>\n<p style=\"text-align: left;\"><strong>2000 &#8211;\u00a0<\/strong>III International Photography Biennial, Curitiba.<\/p>\n<p style=\"text-align: left;\"><strong>1996 &#8211;\u00a0<\/strong>ABRA Photography Festival, ABRA \u2013 Academia Brasileira de Artes (Brazilian Academy of Arts), S\u00e3o Paulo.<\/p>\n<p style=\"text-align: left;\"><strong>International Exhibitions:<\/strong><\/p>\n<p style=\"text-align: left;\"><strong>2007 &#8211;\u00a0<\/strong>\u00daltimas Est\u00f3rias (Last Stories), Tropenmuseum, Amsterdam, The Netherlands.<\/p>\n<p style=\"text-align: left;\"><strong>2006 &#8211;\u00a0<\/strong>Sil\u00eancio Selvagem (Wild Silence), Solms; Leica Gallery, Germany; Sil\u00eancio Selvagem (Wild Silence), Frankfurt; Leica Gallery, Germany<\/p>\n<p style=\"text-align: left;\"><strong>2004 &#8211;\u00a0<\/strong>\u00cdntima, Luz \u00cdntima (Intimate, Intimate Light), Brazilian Culture Festival, Frascati, Italy.<\/p>\n<p style=\"text-align: left;\"><strong>2001 &#8211;\u00a0<\/strong>Mulheres Brasileiras em Cena (Brazilian Women on Stage), Campo Alegre Theater, Porto, Portugal.<\/p>\n<p style=\"text-align: left;\"><strong>\u00a0<a href=\"https:\/\/marcelo.riosgreco.com\/wp-content\/uploads\/2014\/06\/MiniCv04.jpg\"><img loading=\"lazy\" decoding=\"async\" class=\"alignnone size-medium wp-image-240\" src=\"https:\/\/marcelo.riosgreco.com\/wp-content\/uploads\/2014\/06\/MiniCv04-300x200.jpg\" alt=\"MiniCv04\" width=\"300\" height=\"200\" srcset=\"https:\/\/marcelo.riosgreco.com\/wp-content\/uploads\/2014\/06\/MiniCv04-300x200.jpg 300w, https:\/\/marcelo.riosgreco.com\/wp-content\/uploads\/2014\/06\/MiniCv04-338x225.jpg 338w, https:\/\/marcelo.riosgreco.com\/wp-content\/uploads\/2014\/06\/MiniCv04-257x171.jpg 257w, https:\/\/marcelo.riosgreco.com\/wp-content\/uploads\/2014\/06\/MiniCv04.jpg 354w\" sizes=\"auto, (max-width: 300px) 100vw, 300px\" \/><\/a><\/strong><\/p>\n<p style=\"text-align: left;\"><strong>Printed Publications:<\/strong><\/p>\n<p style=\"text-align: left;\"><strong>Collective<\/strong><\/p>\n<p style=\"text-align: left;\">Bras\u00edlia &#8211; 45 Years<\/p>\n<p style=\"text-align: left;\">Comunicar para n\u00e3o esquecer (Communicate so as not to forget).<\/p>\n<p style=\"text-align: left;\"><strong>Individual Publications:<\/strong><\/p>\n<p class=\"p1\"><span class=\"s1\">Abrigo (Shelter)<\/span><\/p>\n<p class=\"p1\"><span class=\"s1\">A sombra da d\u00favida (The doubt&#8217;s shadow)\u00a0<\/span><\/p>\n<p class=\"p1\"><span class=\"s1\">L\u00e1grimas Perdidas (Lost Tears)<\/span><\/p>\n<p class=\"p1\"><span class=\"s1\">Sombras Secas<\/span><\/p>\n<p style=\"text-align: left;\">Internal Affair &#8211; Limited Edition<\/p>\n<p style=\"text-align: left;\">\u00cdntima Luz, (Intimate Light) &#8211; Artist Book, Limited Edition<\/p>\n<p style=\"text-align: left;\">Tempos Misturados (Mixed Times) &#8211; Book\/Portfolio.<\/p>\n<p style=\"text-align: left;\">Bras\u00edlia- Cole\u00e7\u00e3o Passaporte (Passport Collection).<\/p>\n<!-- AddThis Advanced Settings generic via filter on the_content --><!-- AddThis Share Buttons generic via filter on the_content -->","protected":false},"excerpt":{"rendered":"<p>Born in 1966, Marcelo started to work with photography as a freelancer for Brazilian and international press agencies through the French agency SIPA Press in 1996. His work has been focused mainly in the cultural field. He develops signature photography courses and workshops for the S\u00e3o Paulo Museum of Modern Art and supervises photographers in [&hellip;]<!-- AddThis Advanced Settings generic via filter on get_the_excerpt --><!-- AddThis Share Buttons generic via filter on get_the_excerpt --><\/p>\n","protected":false},"author":1,"featured_media":0,"parent":0,"menu_order":0,"comment_status":"open","ping_status":"closed","template":"","meta":{"footnotes":""},"class_list":["post-175","page","type-page","status-publish","hentry"],"_links":{"self":[{"href":"https:\/\/marcelo.riosgreco.com\/index.php?rest_route=\/wp\/v2\/pages\/175","targetHints":{"allow":["GET"]}}],"collection":[{"href":"https:\/\/marcelo.riosgreco.com\/index.php?rest_route=\/wp\/v2\/pages"}],"about":[{"href":"https:\/\/marcelo.riosgreco.com\/index.php?rest_route=\/wp\/v2\/types\/page"}],"author":[{"embeddable":true,"href":"https:\/\/marcelo.riosgreco.com\/index.php?rest_route=\/wp\/v2\/users\/1"}],"replies":[{"embeddable":true,"href":"https:\/\/marcelo.riosgreco.com\/index.php?rest_route=%2Fwp%2Fv2%2Fcomments&post=175"}],"version-history":[{"count":12,"href":"https:\/\/marcelo.riosgreco.com\/index.php?rest_route=\/wp\/v2\/pages\/175\/revisions"}],"predecessor-version":[{"id":997,"href":"https:\/\/marcelo.riosgreco.com\/index.php?rest_route=\/wp\/v2\/pages\/175\/revisions\/997"}],"wp:attachment":[{"href":"https:\/\/marcelo.riosgreco.com\/index.php?rest_route=%2Fwp%2Fv2%2Fmedia&parent=175"}],"curies":[{"name":"wp","href":"https:\/\/api.w.org\/{rel}","templated":true}]}}